{"id":687,"date":"2017-01-23T23:09:21","date_gmt":"2017-01-23T22:09:21","guid":{"rendered":"https:\/\/staging.bandenkussen.nl\/product\/flat-jack-camper-plus\/"},"modified":"2023-07-14T12:59:52","modified_gmt":"2023-07-14T10:59:52","slug":"flat-jack-camper-plus","status":"publish","type":"product","link":"https:\/\/www.flat-jack.nl\/fr\/produit\/flat-jack-camper-plus\/","title":{"rendered":"Flat-jack &#8211; camper plus"},"content":{"rendered":"<p>Ceci est le seul flat-jack appropri\u00e9 pour caravanes, caravanes pliantes et campingcars\/mobilhomes.<\/p>\n<p><strong>Avantages du flat-jack Camper Plus:<\/strong><\/p>\n<ul>\n<li>Niveller tr\u00e8s simple, vite et exacte: rouler \u00e0 plat sur le flat-jack, gonfler, pr\u00eat!<\/li>\n<li>Mettre horizontal tr\u00e8s minutieusement au millim\u00e8tre est possible avec le flat-jack, parce que le flat-jack fonctionne \u00e0 base de l\u2019air.<\/li>\n<li>Le flat-jack Camper Plus l\u00e8ve votre voiture \u00e0 12 cms, ainsi vous pouvez \u00eatre en pente s\u00e9rieuse, beaucoup plus des possibilit\u00e9s qu\u2019avec les cales classiques qui atteignent seulement 8 \u00e0 10 cms.<\/li>\n<li>Ranger \u00e0 plat c\u2019est possible avec le flat-jack Camper Plus, ainsi le flat-jack est tr\u00e8s compact et beaucoup moins volumineux que les grandes cales d\u00e9mod\u00e9es. Format des flat-jacks \u00e0 plat seulement 66x43x0,5 cms et deux fois pliable: avec ceci seulement 16,5x43x0,5 cms. Le flat-jack est rangeable au-dessous ou entre les si\u00e8ges, dans les petites armoires en haut, etc.<\/li>\n<li>Le flat-jack p\u00e8se seulement 950 grammes, ainsi tr\u00e8s l\u00e9g\u00e8r \u00e0 ranger dans votre v\u00e9hicule.<\/li>\n<li>Bien pour tous les caravanes (ou caravanes pliantes) et campingcars\/mobilhomes jusqu\u2019aux 7500 kgs.<\/li>\n<li>Garantie 2 ans.<\/li>\n<\/ul>\n<p><strong>Contenu:<\/strong><\/p>\n<ul>\n<li class=\"Body P-4\"><span class=\"C-12\">1 Flat-jack \u2013 Camper Plus (appropri\u00e9 pour pneus jusqu\u2019au 275 mm)<\/span><\/li>\n<li class=\"Body P-4\"><span class=\"C-12\">Mode d\u2019emploi\/brochure<br \/>\n<\/span><\/li>\n<\/ul>\n","protected":false},"excerpt":{"rendered":"<p>Notre coussin de succ\u00e8s flat-jack camper plus est pensionn\u00e9. Nous introduisons avec fiert\u00e9 le nouveau flat-jack Camper 2.0 qui va encore plus haut que son pr\u00e9decesseur:\u00a0<a href=\"https:\/\/www.flat-jack.nl\/fr\/produit\/flat-jack-camper-2-0\/\">cliquez-ici!<\/a><\/p>\n","protected":false},"featured_media":3602,"template":"","meta":[],"product_brand":[],"product_cat":[70],"product_tag":[52,200,53,201,199],"class_list":{"0":"post-687","1":"product","2":"type-product","3":"status-publish","4":"has-post-thumbnail","6":"product_cat-aucune-categorie","7":"product_tag-campeur","8":"product_tag-camping-fr","9":"product_tag-caravane","10":"product_tag-niveau","11":"product_tag-niveleur","13":"first","14":"outofstock","15":"taxable","16":"shipping-taxable","17":"product-type-simple"},"yoast_head":"<!-- This site is optimized with the Yoast SEO plugin v27.4 - https:\/\/yoast.com\/product\/yoast-seo-wordpress\/ -->\n<title>Flat-jack - camper plus - Flat-Jack<\/title>\n<meta name=\"robots\" content=\"index, follow, max-snippet:-1, max-image-preview:large, max-video-preview:-1\" \/>\n<link rel=\"canonical\" href=\"https:\/\/www.flat-jack.nl\/fr\/produit\/flat-jack-camper-plus\/\" \/>\n<meta property=\"og:locale\" content=\"fr_FR\" \/>\n<meta property=\"og:type\" content=\"article\" \/>\n<meta property=\"og:title\" content=\"Flat-jack - camper plus - Flat-Jack\" \/>\n<meta property=\"og:description\" content=\"Notre coussin de succ\u00e8s flat-jack camper plus est pensionn\u00e9. Nous introduisons avec fiert\u00e9 le nouveau flat-jack Camper 2.0 qui va encore plus haut que son pr\u00e9decesseur:\u00a0cliquez-ici!\" \/>\n<meta property=\"og:url\" content=\"https:\/\/www.flat-jack.nl\/fr\/produit\/flat-jack-camper-plus\/\" \/>\n<meta property=\"og:site_name\" content=\"Flat-Jack\" \/>\n<meta property=\"article:publisher\" content=\"https:\/\/www.facebook.com\/Flat-jacknl-112121080460430\/\" \/>\n<meta property=\"article:modified_time\" content=\"2023-07-14T10:59:52+00:00\" \/>\n<meta property=\"og:image\" content=\"https:\/\/www.flat-jack.nl\/wp-content\/uploads\/2017\/01\/camper-plus-2023_naa.png\" \/>\n\t<meta property=\"og:image:width\" content=\"485\" \/>\n\t<meta property=\"og:image:height\" content=\"333\" \/>\n\t<meta property=\"og:image:type\" content=\"image\/png\" \/>\n<meta name=\"twitter:card\" content=\"summary_large_image\" \/>\n<meta name=\"twitter:site\" content=\"@onlycabriosNL\" \/>\n<meta name=\"twitter:label1\" content=\"Dur\u00e9e de lecture estim\u00e9e\" \/>\n\t<meta name=\"twitter:data1\" content=\"1 minute\" \/>\n<script type=\"application\/ld+json\" class=\"yoast-schema-graph\">{\"@context\":\"https:\\\/\\\/schema.org\",\"@graph\":[{\"@type\":[\"WebPage\",\"ItemPage\"],\"@id\":\"https:\\\/\\\/www.flat-jack.nl\\\/fr\\\/produit\\\/flat-jack-camper-plus\\\/\",\"url\":\"https:\\\/\\\/www.flat-jack.nl\\\/fr\\\/produit\\\/flat-jack-camper-plus\\\/\",\"name\":\"Flat-jack - camper plus - Flat-Jack\",\"isPartOf\":{\"@id\":\"https:\\\/\\\/www.flat-jack.nl\\\/fr\\\/#website\"},\"primaryImageOfPage\":{\"@id\":\"https:\\\/\\\/www.flat-jack.nl\\\/fr\\\/produit\\\/flat-jack-camper-plus\\\/#primaryimage\"},\"image\":{\"@id\":\"https:\\\/\\\/www.flat-jack.nl\\\/fr\\\/produit\\\/flat-jack-camper-plus\\\/#primaryimage\"},\"thumbnailUrl\":\"https:\\\/\\\/www.flat-jack.nl\\\/wp-content\\\/uploads\\\/2017\\\/01\\\/camper-plus-2023_naa.png\",\"datePublished\":\"2017-01-23T22:09:21+00:00\",\"dateModified\":\"2023-07-14T10:59:52+00:00\",\"breadcrumb\":{\"@id\":\"https:\\\/\\\/www.flat-jack.nl\\\/fr\\\/produit\\\/flat-jack-camper-plus\\\/#breadcrumb\"},\"inLanguage\":\"fr-FR\",\"potentialAction\":[{\"@type\":\"ReadAction\",\"target\":[\"https:\\\/\\\/www.flat-jack.nl\\\/fr\\\/produit\\\/flat-jack-camper-plus\\\/\"]}]},{\"@type\":\"ImageObject\",\"inLanguage\":\"fr-FR\",\"@id\":\"https:\\\/\\\/www.flat-jack.nl\\\/fr\\\/produit\\\/flat-jack-camper-plus\\\/#primaryimage\",\"url\":\"https:\\\/\\\/www.flat-jack.nl\\\/wp-content\\\/uploads\\\/2017\\\/01\\\/camper-plus-2023_naa.png\",\"contentUrl\":\"https:\\\/\\\/www.flat-jack.nl\\\/wp-content\\\/uploads\\\/2017\\\/01\\\/camper-plus-2023_naa.png\",\"width\":485,\"height\":333},{\"@type\":\"BreadcrumbList\",\"@id\":\"https:\\\/\\\/www.flat-jack.nl\\\/fr\\\/produit\\\/flat-jack-camper-plus\\\/#breadcrumb\",\"itemListElement\":[{\"@type\":\"ListItem\",\"position\":1,\"name\":\"Home\",\"item\":\"https:\\\/\\\/www.flat-jack.nl\\\/fr\\\/\"},{\"@type\":\"ListItem\",\"position\":2,\"name\":\"Produits\",\"item\":\"https:\\\/\\\/www.flat-jack.nl\\\/fr\\\/shop\\\/\"},{\"@type\":\"ListItem\",\"position\":3,\"name\":\"Campeur\",\"item\":\"https:\\\/\\\/www.flat-jack.nl\\\/fr\\\/etiquette-produit\\\/campeur\\\/\"},{\"@type\":\"ListItem\",\"position\":4,\"name\":\"Flat-jack &#8211; camper plus\"}]},{\"@type\":\"WebSite\",\"@id\":\"https:\\\/\\\/www.flat-jack.nl\\\/fr\\\/#website\",\"url\":\"https:\\\/\\\/www.flat-jack.nl\\\/fr\\\/\",\"name\":\"Flat-Jack\",\"description\":\"De nieuwe leveler voor uw camper en caravan.\",\"publisher\":{\"@id\":\"https:\\\/\\\/www.flat-jack.nl\\\/fr\\\/#organization\"},\"potentialAction\":[{\"@type\":\"SearchAction\",\"target\":{\"@type\":\"EntryPoint\",\"urlTemplate\":\"https:\\\/\\\/www.flat-jack.nl\\\/fr\\\/?s={search_term_string}\"},\"query-input\":{\"@type\":\"PropertyValueSpecification\",\"valueRequired\":true,\"valueName\":\"search_term_string\"}}],\"inLanguage\":\"fr-FR\"},{\"@type\":\"Organization\",\"@id\":\"https:\\\/\\\/www.flat-jack.nl\\\/fr\\\/#organization\",\"name\":\"Flat-jack\",\"url\":\"https:\\\/\\\/www.flat-jack.nl\\\/fr\\\/\",\"logo\":{\"@type\":\"ImageObject\",\"inLanguage\":\"fr-FR\",\"@id\":\"https:\\\/\\\/www.flat-jack.nl\\\/fr\\\/#\\\/schema\\\/logo\\\/image\\\/\",\"url\":\"https:\\\/\\\/www.flat-jack.nl\\\/wp-content\\\/uploads\\\/2018\\\/02\\\/logo_200_factuur.png\",\"contentUrl\":\"https:\\\/\\\/www.flat-jack.nl\\\/wp-content\\\/uploads\\\/2018\\\/02\\\/logo_200_factuur.png\",\"width\":283,\"height\":64,\"caption\":\"Flat-jack\"},\"image\":{\"@id\":\"https:\\\/\\\/www.flat-jack.nl\\\/fr\\\/#\\\/schema\\\/logo\\\/image\\\/\"},\"sameAs\":[\"https:\\\/\\\/www.facebook.com\\\/Flat-jacknl-112121080460430\\\/\",\"https:\\\/\\\/x.com\\\/onlycabriosNL\",\"https:\\\/\\\/www.instagram.com\\\/flatjack.nl\\\/\",\"https:\\\/\\\/www.linkedin.com\\\/company\\\/flat-jack-nl\\\/\",\"https:\\\/\\\/www.youtube.com\\\/channel\\\/UCNksZIM688F6jRqH7HqJY3Q\"]}]}<\/script>\n<!-- \/ Yoast SEO plugin. -->","yoast_head_json":{"title":"Flat-jack - camper plus - Flat-Jack","robots":{"index":"index","follow":"follow","max-snippet":"max-snippet:-1","max-image-preview":"max-image-preview:large","max-video-preview":"max-video-preview:-1"},"canonical":"https:\/\/www.flat-jack.nl\/fr\/produit\/flat-jack-camper-plus\/","og_locale":"fr_FR","og_type":"article","og_title":"Flat-jack - camper plus - Flat-Jack","og_description":"Notre coussin de succ\u00e8s flat-jack camper plus est pensionn\u00e9. Nous introduisons avec fiert\u00e9 le nouveau flat-jack Camper 2.0 qui va encore plus haut que son pr\u00e9decesseur:\u00a0cliquez-ici!","og_url":"https:\/\/www.flat-jack.nl\/fr\/produit\/flat-jack-camper-plus\/","og_site_name":"Flat-Jack","article_publisher":"https:\/\/www.facebook.com\/Flat-jacknl-112121080460430\/","article_modified_time":"2023-07-14T10:59:52+00:00","og_image":[{"width":485,"height":333,"url":"https:\/\/www.flat-jack.nl\/wp-content\/uploads\/2017\/01\/camper-plus-2023_naa.png","type":"image\/png"}],"twitter_card":"summary_large_image","twitter_site":"@onlycabriosNL","twitter_misc":{"Dur\u00e9e de lecture estim\u00e9e":"1 minute"},"schema":{"@context":"https:\/\/schema.org","@graph":[{"@type":["WebPage","ItemPage"],"@id":"https:\/\/www.flat-jack.nl\/fr\/produit\/flat-jack-camper-plus\/","url":"https:\/\/www.flat-jack.nl\/fr\/produit\/flat-jack-camper-plus\/","name":"Flat-jack - camper plus - Flat-Jack","isPartOf":{"@id":"https:\/\/www.flat-jack.nl\/fr\/#website"},"primaryImageOfPage":{"@id":"https:\/\/www.flat-jack.nl\/fr\/produit\/flat-jack-camper-plus\/#primaryimage"},"image":{"@id":"https:\/\/www.flat-jack.nl\/fr\/produit\/flat-jack-camper-plus\/#primaryimage"},"thumbnailUrl":"https:\/\/www.flat-jack.nl\/wp-content\/uploads\/2017\/01\/camper-plus-2023_naa.png","datePublished":"2017-01-23T22:09:21+00:00","dateModified":"2023-07-14T10:59:52+00:00","breadcrumb":{"@id":"https:\/\/www.flat-jack.nl\/fr\/produit\/flat-jack-camper-plus\/#breadcrumb"},"inLanguage":"fr-FR","potentialAction":[{"@type":"ReadAction","target":["https:\/\/www.flat-jack.nl\/fr\/produit\/flat-jack-camper-plus\/"]}]},{"@type":"ImageObject","inLanguage":"fr-FR","@id":"https:\/\/www.flat-jack.nl\/fr\/produit\/flat-jack-camper-plus\/#primaryimage","url":"https:\/\/www.flat-jack.nl\/wp-content\/uploads\/2017\/01\/camper-plus-2023_naa.png","contentUrl":"https:\/\/www.flat-jack.nl\/wp-content\/uploads\/2017\/01\/camper-plus-2023_naa.png","width":485,"height":333},{"@type":"BreadcrumbList","@id":"https:\/\/www.flat-jack.nl\/fr\/produit\/flat-jack-camper-plus\/#breadcrumb","itemListElement":[{"@type":"ListItem","position":1,"name":"Home","item":"https:\/\/www.flat-jack.nl\/fr\/"},{"@type":"ListItem","position":2,"name":"Produits","item":"https:\/\/www.flat-jack.nl\/fr\/shop\/"},{"@type":"ListItem","position":3,"name":"Campeur","item":"https:\/\/www.flat-jack.nl\/fr\/etiquette-produit\/campeur\/"},{"@type":"ListItem","position":4,"name":"Flat-jack &#8211; camper plus"}]},{"@type":"WebSite","@id":"https:\/\/www.flat-jack.nl\/fr\/#website","url":"https:\/\/www.flat-jack.nl\/fr\/","name":"Flat-Jack","description":"De nieuwe leveler voor uw camper en caravan.","publisher":{"@id":"https:\/\/www.flat-jack.nl\/fr\/#organization"},"potentialAction":[{"@type":"SearchAction","target":{"@type":"EntryPoint","urlTemplate":"https:\/\/www.flat-jack.nl\/fr\/?s={search_term_string}"},"query-input":{"@type":"PropertyValueSpecification","valueRequired":true,"valueName":"search_term_string"}}],"inLanguage":"fr-FR"},{"@type":"Organization","@id":"https:\/\/www.flat-jack.nl\/fr\/#organization","name":"Flat-jack","url":"https:\/\/www.flat-jack.nl\/fr\/","logo":{"@type":"ImageObject","inLanguage":"fr-FR","@id":"https:\/\/www.flat-jack.nl\/fr\/#\/schema\/logo\/image\/","url":"https:\/\/www.flat-jack.nl\/wp-content\/uploads\/2018\/02\/logo_200_factuur.png","contentUrl":"https:\/\/www.flat-jack.nl\/wp-content\/uploads\/2018\/02\/logo_200_factuur.png","width":283,"height":64,"caption":"Flat-jack"},"image":{"@id":"https:\/\/www.flat-jack.nl\/fr\/#\/schema\/logo\/image\/"},"sameAs":["https:\/\/www.facebook.com\/Flat-jacknl-112121080460430\/","https:\/\/x.com\/onlycabriosNL","https:\/\/www.instagram.com\/flatjack.nl\/","https:\/\/www.linkedin.com\/company\/flat-jack-nl\/","https:\/\/www.youtube.com\/channel\/UCNksZIM688F6jRqH7HqJY3Q"]}]}},"_links":{"self":[{"href":"https:\/\/www.flat-jack.nl\/fr\/wp-json\/wp\/v2\/product\/687","targetHints":{"allow":["GET"]}}],"collection":[{"href":"https:\/\/www.flat-jack.nl\/fr\/wp-json\/wp\/v2\/product"}],"about":[{"href":"https:\/\/www.flat-jack.nl\/fr\/wp-json\/wp\/v2\/types\/product"}],"wp:featuredmedia":[{"embeddable":true,"href":"https:\/\/www.flat-jack.nl\/fr\/wp-json\/wp\/v2\/media\/3602"}],"wp:attachment":[{"href":"https:\/\/www.flat-jack.nl\/fr\/wp-json\/wp\/v2\/media?parent=687"}],"wp:term":[{"taxonomy":"product_brand","embeddable":true,"href":"https:\/\/www.flat-jack.nl\/fr\/wp-json\/wp\/v2\/product_brand?post=687"},{"taxonomy":"product_cat","embeddable":true,"href":"https:\/\/www.flat-jack.nl\/fr\/wp-json\/wp\/v2\/product_cat?post=687"},{"taxonomy":"product_tag","embeddable":true,"href":"https:\/\/www.flat-jack.nl\/fr\/wp-json\/wp\/v2\/product_tag?post=687"}],"curies":[{"name":"wp","href":"https:\/\/api.w.org\/{rel}","templated":true}]}}