{"id":808,"date":"2017-03-07T12:16:11","date_gmt":"2017-03-07T11:16:11","guid":{"rendered":"https:\/\/staging.bandenkussen.nl\/bedrijfsinformatie-flat-jack\/"},"modified":"2023-08-08T23:34:16","modified_gmt":"2023-08-08T21:34:16","slug":"information-entreprise-flat-jack","status":"publish","type":"page","link":"https:\/\/www.flat-jack.nl\/fr\/information-entreprise-flat-jack\/","title":{"rendered":"Information entreprise flat-jack"},"content":{"rendered":"<div class=\"wpb-content-wrapper\"><p>[vc_row][vc_column][vc_empty_space height=\u00a0\u00bb60px\u00a0\u00bb][vc_custom_heading text=\u00a0\u00bbInformation entreprise\u00a0\u00bb font_container=\u00a0\u00bbtag:h2|text_align:left|color:%23474747&Prime; use_theme_fonts=\u00a0\u00bbyes\u00a0\u00bb][vc_empty_space height=\u00a0\u00bb15px\u00a0\u00bb][vc_column_text]Flat-jack est une entreprise jeune qui fait part du groupe Only Cabrios, actif avec 3 firmes: Only Cabrios en voitures youngtimers, flat-jack en coussins-pneus et air-jack avec en crics \u00e0 air.[\/vc_column_text][\/vc_column][\/vc_row][vc_row][vc_column width=\u00a0\u00bb2\/4&Prime;][vc_column_text]<\/p>\n<h4>Coussins-pneus Flat-jack<\/h4>\n<p>Les coussins-pneus flat-jack sont destin\u00e9 \u00e0 \u00e9quilibrer\/niveller les caravanes et mobilhomes\/campingcars sur les campings avec les pentes. Aussi les flat-jacks sont utilis\u00e9s au-dessous des voitures dans les stalles d\u2019hiver pour pr\u00e9venir les pneus aplatis quand la voiture reste sur une place pendant une longue termine. C\u2019est pour des voitures normales comme anc\u00eatres ou voitures de sport, des campingcars, etc. Nous sommes importateur officiel pour le Benelux et la France pour les flat-jacks.<\/p>\n<p><a href=\"http:\/\/www.flat-jack.fr\">www.flat-jack.fr<\/a>[\/vc_column_text][\/vc_column][vc_column width=\u00a0\u00bb1\/4&Prime;]<div class=\"ult-spacer spacer-6a04ab10bd5c1\" data-id=\"6a04ab10bd5c1\" data-height=\"50\" data-height-mobile=\"50\" data-height-tab=\"50\" data-height-tab-portrait=\"\" data-height-mobile-landscape=\"\" style=\"clear:both;display:block;\"><\/div>[vc_single_image image=\u00a0\u00bb3639&Prime; img_size=\u00a0\u00bbmedium\u00a0\u00bb][\/vc_column][vc_column width=\u00a0\u00bb1\/4&Prime;]<div class=\"ult-spacer spacer-6a04ab10bd5f1\" data-id=\"6a04ab10bd5f1\" data-height=\"50\" data-height-mobile=\"50\" data-height-tab=\"50\" data-height-tab-portrait=\"\" data-height-mobile-landscape=\"\" style=\"clear:both;display:block;\"><\/div>[vc_single_image image=\u00a0\u00bb200&Prime; img_size=\u00a0\u00bbmedium\u00a0\u00bb][\/vc_column][\/vc_row][vc_row][vc_column width=\u00a0\u00bb2\/4&Prime;][vc_column_text]<\/p>\n<h4>Only cabrios<\/h4>\n<p>Only Cabrios est sp\u00e9cialis\u00e9 en chercher, trouver, livrer et (si d\u00e9sir\u00e9) restaurer des cabriolets youngtimer pour ses clients en toute Europe. L\u2019objectif de Only Cabrios est: \u201cfaire un plaisir aux fanatiques youngtimer avec un cabriolet original\u201d. Only Cabrios est d\u00e9j\u00e0 plus de 20 ans actif avec ceci. Commencer en grand hobby et maintenant le hobby est devenu profession avec connaissance d\u00e9taill\u00e9e en youngtimers et anc\u00eatres cabriolets et voitures sportives. Nous donnons beaucoups des avis aux acheteurs et vendeurs des youngtimers et oldtimers, nous vendons, nous achetons, surtout aux personnes privates qui ont le m\u00eame hobby que nous! Belle symbiose de hobby et professionalisme qui est beaucoup appr\u00e9ci\u00e9 par nos clients! Et nous parlons fran\u00e7ais naturellement pour pouvoir aider nos clients francophones nombreuses en Wallonie et la France,<\/p>\n<p><a href=\"http:\/\/www.onlycabrios.fr\">www.onlycabrios.fr<\/a>[\/vc_column_text][\/vc_column][vc_column width=\u00a0\u00bb1\/4&Prime;]<div class=\"ult-spacer spacer-6a04ab10bd612\" data-id=\"6a04ab10bd612\" data-height=\"50\" data-height-mobile=\"50\" data-height-tab=\"50\" data-height-tab-portrait=\"\" data-height-mobile-landscape=\"\" style=\"clear:both;display:block;\"><\/div>[vc_single_image image=\u00a0\u00bb710&Prime; img_size=\u00a0\u00bbmedium\u00a0\u00bb][\/vc_column][vc_column width=\u00a0\u00bb1\/4&Prime;]<div class=\"ult-spacer spacer-6a04ab10bd628\" data-id=\"6a04ab10bd628\" data-height=\"50\" data-height-mobile=\"50\" data-height-tab=\"50\" data-height-tab-portrait=\"\" data-height-mobile-landscape=\"\" style=\"clear:both;display:block;\"><\/div>[vc_single_image image=\u00a0\u00bb706&Prime; img_size=\u00a0\u00bbmedium\u00a0\u00bb][\/vc_column][\/vc_row][vc_row][vc_column width=\u00a0\u00bb2\/4&Prime;][vc_column_text]<\/p>\n<h4>Cric \u00e0 air Air-jack<\/h4>\n<p>L\u2019air-jack est la firme la plus jeune du groupe Only Cabrios. Avec ce cric \u00e0 air vous pouvez \u00e9lever votre voiture normal, campingcar, caravane, 4&#215;4, van, camionnette, etc. non seulement sur le sol dur, mais aussi sur le sol doux et mou. Par exemple sur le sable, dans la boue, dans l\u2019accotement, sur la neige, etc. Avec le cric \u00e0 air formidablement simple on peut s\u2019aider en circonstances qu\u2019on est descendu: utiliser le cric Air-jack et vous pouvez changer la roue, ou mettre un plancher au-dessous de votre roue pour \u00e9chapper de la boue, pour mettre des cha\u00efnes \u00e0 neige, etc. Util id\u00e9al pour emmener toujours dans votre voiture. Ne jamais attendre aux services de secours, mais utiliser votre propre air-jack en toutes conditions!<\/p>\n<p><a href=\"http:\/\/www.air-jack.fr\">www.air-jack.fr<\/a>[\/vc_column_text][\/vc_column][vc_column width=\u00a0\u00bb1\/4&Prime;]<div class=\"ult-spacer spacer-6a04ab10bd63c\" data-id=\"6a04ab10bd63c\" data-height=\"50\" data-height-mobile=\"50\" data-height-tab=\"50\" data-height-tab-portrait=\"\" data-height-mobile-landscape=\"\" style=\"clear:both;display:block;\"><\/div>[vc_single_image image=\u00a0\u00bb714&Prime; img_size=\u00a0\u00bbmedium\u00a0\u00bb][\/vc_column][vc_column width=\u00a0\u00bb1\/4&Prime;]<div class=\"ult-spacer spacer-6a04ab10bd64f\" data-id=\"6a04ab10bd64f\" data-height=\"50\" data-height-mobile=\"50\" data-height-tab=\"50\" data-height-tab-portrait=\"\" data-height-mobile-landscape=\"\" style=\"clear:both;display:block;\"><\/div>[vc_single_image image=\u00a0\u00bb718&Prime; img_size=\u00a0\u00bbmedium\u00a0\u00bb][\/vc_column][\/vc_row]<\/p>\n<\/div>","protected":false},"excerpt":{"rendered":"<p>[vc_row][vc_column][vc_empty_space height=\u00a0\u00bb60px\u00a0\u00bb][vc_custom_heading text=\u00a0\u00bbInformation entreprise\u00a0\u00bb font_container=\u00a0\u00bbtag:h2|text_align:left|color:%23474747&Prime; use_theme_fonts=\u00a0\u00bbyes\u00a0\u00bb][vc_empty_space height=\u00a0\u00bb15px\u00a0\u00bb][vc_column_text]Flat-jack est une entreprise jeune qui fait part du groupe Only Cabrios, actif avec 3 firmes: Only Cabrios en voitures youngtimers, flat-jack en coussins-pneus et air-jack avec en crics \u00e0 air.[\/vc_column_text][\/vc_column][\/vc_row][vc_row][vc_column width=\u00a0\u00bb2\/4&Prime;][vc_column_text]<\/p>\n<p> Coussins-pneus Flat-jack <\/p>\n<p>Les coussins-pneus flat-jack sont destin\u00e9 \u00e0 \u00e9quilibrer\/niveller les caravanes et mobilhomes\/campingcars sur les campings avec les pentes. Aussi les flat-jacks sont utilis\u00e9s au-dessous des voitures dans les stalles d\u2019hiver pour pr\u00e9venir les pneus aplatis quand la voiture reste sur une place pendant une longue termine. C\u2019est pour des voitures normales comme anc\u00eatres ou voitures de sport, des campingcars, etc. Nous sommes importateur officiel pour le Benelux et la France pour les flat-jacks.<\/p>\n<p>www.flat-jack.fr[\/vc_column_text][\/vc_column][vc_column width=\u00a0\u00bb1\/4&Prime;][vc_single_image image=\u00a0\u00bb3639&Prime; img_size=\u00a0\u00bbmedium\u00a0\u00bb][\/vc_column][vc_column width=\u00a0\u00bb1\/4&Prime;][vc_single_image image=\u00a0\u00bb200&Prime; img_size=\u00a0\u00bbmedium\u00a0\u00bb][\/vc_column][\/vc_row][vc_row][vc_column width=\u00a0\u00bb2\/4&Prime;][vc_column_text]<\/p>\n<p> Only cabrios <\/p>\n<p>Only Cabrios est sp\u00e9cialis\u00e9 en chercher, trouver, livrer et (si d\u00e9sir\u00e9) restaurer des cabriolets youngtimer pour ses clients en toute Europe. L\u2019objectif de Only Cabrios est: \u201cfaire un plaisir aux fanatiques youngtimer avec [&#8230;]<\/p>\n","protected":false},"author":1,"featured_media":0,"parent":0,"menu_order":0,"comment_status":"closed","ping_status":"closed","template":"","meta":{"footnotes":""},"class_list":["post-808","page","type-page","status-publish","hentry"],"yoast_head":"<!-- This site is optimized with the Yoast SEO plugin v27.4 - https:\/\/yoast.com\/product\/yoast-seo-wordpress\/ -->\n<title>Information entreprise flat-jack - Flat-Jack<\/title>\n<meta name=\"robots\" content=\"index, follow, max-snippet:-1, max-image-preview:large, max-video-preview:-1\" \/>\n<link rel=\"canonical\" href=\"https:\/\/www.flat-jack.nl\/fr\/information-entreprise-flat-jack\/\" \/>\n<meta property=\"og:locale\" content=\"fr_FR\" \/>\n<meta property=\"og:type\" content=\"article\" \/>\n<meta property=\"og:title\" content=\"Information entreprise flat-jack - Flat-Jack\" \/>\n<meta property=\"og:description\" content=\"[vc_row][vc_column][vc_empty_space height=\u00a0\u00bb60px\u00a0\u00bb][vc_custom_heading text=\u00a0\u00bbInformation entreprise\u00a0\u00bb font_container=\u00a0\u00bbtag:h2|text_align:left|color:%23474747&Prime; use_theme_fonts=\u00a0\u00bbyes\u00a0\u00bb][vc_empty_space height=\u00a0\u00bb15px\u00a0\u00bb][vc_column_text]Flat-jack est une entreprise jeune qui fait part du groupe Only Cabrios, actif avec 3 firmes: Only Cabrios en voitures youngtimers, flat-jack en coussins-pneus et air-jack avec en crics \u00e0 air.[\/vc_column_text][\/vc_column][\/vc_row][vc_row][vc_column width=\u00a0\u00bb2\/4&Prime;][vc_column_text] Coussins-pneus Flat-jack Les coussins-pneus flat-jack sont destin\u00e9 \u00e0 \u00e9quilibrer\/niveller les caravanes et mobilhomes\/campingcars sur les campings avec les pentes. Aussi les flat-jacks sont utilis\u00e9s au-dessous des voitures dans les stalles d\u2019hiver pour pr\u00e9venir les pneus aplatis quand la voiture reste sur une place pendant une longue termine. C\u2019est pour des voitures normales comme anc\u00eatres ou voitures de sport, des campingcars, etc. Nous sommes importateur officiel pour le Benelux et la France pour les flat-jacks. www.flat-jack.fr[\/vc_column_text][\/vc_column][vc_column width=\u00a0\u00bb1\/4&Prime;][vc_single_image image=\u00a0\u00bb3639&Prime; img_size=\u00a0\u00bbmedium\u00a0\u00bb][\/vc_column][vc_column width=\u00a0\u00bb1\/4&Prime;][vc_single_image image=\u00a0\u00bb200&Prime; img_size=\u00a0\u00bbmedium\u00a0\u00bb][\/vc_column][\/vc_row][vc_row][vc_column width=\u00a0\u00bb2\/4&Prime;][vc_column_text] Only cabrios Only Cabrios est sp\u00e9cialis\u00e9 en chercher, trouver, livrer et (si d\u00e9sir\u00e9) restaurer des cabriolets youngtimer pour ses clients en toute Europe. L\u2019objectif de Only Cabrios est: \u201cfaire un plaisir aux fanatiques youngtimer avec [...]\" \/>\n<meta property=\"og:url\" content=\"https:\/\/www.flat-jack.nl\/fr\/information-entreprise-flat-jack\/\" \/>\n<meta property=\"og:site_name\" content=\"Flat-Jack\" \/>\n<meta property=\"article:publisher\" content=\"https:\/\/www.facebook.com\/Flat-jacknl-112121080460430\/\" \/>\n<meta property=\"article:modified_time\" content=\"2023-08-08T21:34:16+00:00\" \/>\n<meta name=\"twitter:card\" content=\"summary_large_image\" \/>\n<meta name=\"twitter:site\" content=\"@onlycabriosNL\" \/>\n<meta name=\"twitter:label1\" content=\"Dur\u00e9e de lecture estim\u00e9e\" \/>\n\t<meta name=\"twitter:data1\" content=\"2 minutes\" \/>\n<script type=\"application\/ld+json\" class=\"yoast-schema-graph\">{\"@context\":\"https:\\\/\\\/schema.org\",\"@graph\":[{\"@type\":\"WebPage\",\"@id\":\"https:\\\/\\\/www.flat-jack.nl\\\/fr\\\/information-entreprise-flat-jack\\\/\",\"url\":\"https:\\\/\\\/www.flat-jack.nl\\\/fr\\\/information-entreprise-flat-jack\\\/\",\"name\":\"Information entreprise flat-jack - Flat-Jack\",\"isPartOf\":{\"@id\":\"https:\\\/\\\/www.flat-jack.nl\\\/fr\\\/#website\"},\"datePublished\":\"2017-03-07T11:16:11+00:00\",\"dateModified\":\"2023-08-08T21:34:16+00:00\",\"breadcrumb\":{\"@id\":\"https:\\\/\\\/www.flat-jack.nl\\\/fr\\\/information-entreprise-flat-jack\\\/#breadcrumb\"},\"inLanguage\":\"fr-FR\",\"potentialAction\":[{\"@type\":\"ReadAction\",\"target\":[\"https:\\\/\\\/www.flat-jack.nl\\\/fr\\\/information-entreprise-flat-jack\\\/\"]}]},{\"@type\":\"BreadcrumbList\",\"@id\":\"https:\\\/\\\/www.flat-jack.nl\\\/fr\\\/information-entreprise-flat-jack\\\/#breadcrumb\",\"itemListElement\":[{\"@type\":\"ListItem\",\"position\":1,\"name\":\"Home\",\"item\":\"https:\\\/\\\/www.flat-jack.nl\\\/fr\\\/\"},{\"@type\":\"ListItem\",\"position\":2,\"name\":\"Information entreprise flat-jack\"}]},{\"@type\":\"WebSite\",\"@id\":\"https:\\\/\\\/www.flat-jack.nl\\\/fr\\\/#website\",\"url\":\"https:\\\/\\\/www.flat-jack.nl\\\/fr\\\/\",\"name\":\"Flat-Jack\",\"description\":\"De nieuwe leveler voor uw camper en caravan.\",\"publisher\":{\"@id\":\"https:\\\/\\\/www.flat-jack.nl\\\/fr\\\/#organization\"},\"potentialAction\":[{\"@type\":\"SearchAction\",\"target\":{\"@type\":\"EntryPoint\",\"urlTemplate\":\"https:\\\/\\\/www.flat-jack.nl\\\/fr\\\/?s={search_term_string}\"},\"query-input\":{\"@type\":\"PropertyValueSpecification\",\"valueRequired\":true,\"valueName\":\"search_term_string\"}}],\"inLanguage\":\"fr-FR\"},{\"@type\":\"Organization\",\"@id\":\"https:\\\/\\\/www.flat-jack.nl\\\/fr\\\/#organization\",\"name\":\"Flat-jack\",\"url\":\"https:\\\/\\\/www.flat-jack.nl\\\/fr\\\/\",\"logo\":{\"@type\":\"ImageObject\",\"inLanguage\":\"fr-FR\",\"@id\":\"https:\\\/\\\/www.flat-jack.nl\\\/fr\\\/#\\\/schema\\\/logo\\\/image\\\/\",\"url\":\"https:\\\/\\\/www.flat-jack.nl\\\/wp-content\\\/uploads\\\/2018\\\/02\\\/logo_200_factuur.png\",\"contentUrl\":\"https:\\\/\\\/www.flat-jack.nl\\\/wp-content\\\/uploads\\\/2018\\\/02\\\/logo_200_factuur.png\",\"width\":283,\"height\":64,\"caption\":\"Flat-jack\"},\"image\":{\"@id\":\"https:\\\/\\\/www.flat-jack.nl\\\/fr\\\/#\\\/schema\\\/logo\\\/image\\\/\"},\"sameAs\":[\"https:\\\/\\\/www.facebook.com\\\/Flat-jacknl-112121080460430\\\/\",\"https:\\\/\\\/x.com\\\/onlycabriosNL\",\"https:\\\/\\\/www.instagram.com\\\/flatjack.nl\\\/\",\"https:\\\/\\\/www.linkedin.com\\\/company\\\/flat-jack-nl\\\/\",\"https:\\\/\\\/www.youtube.com\\\/channel\\\/UCNksZIM688F6jRqH7HqJY3Q\"]}]}<\/script>\n<!-- \/ Yoast SEO plugin. -->","yoast_head_json":{"title":"Information entreprise flat-jack - Flat-Jack","robots":{"index":"index","follow":"follow","max-snippet":"max-snippet:-1","max-image-preview":"max-image-preview:large","max-video-preview":"max-video-preview:-1"},"canonical":"https:\/\/www.flat-jack.nl\/fr\/information-entreprise-flat-jack\/","og_locale":"fr_FR","og_type":"article","og_title":"Information entreprise flat-jack - Flat-Jack","og_description":"[vc_row][vc_column][vc_empty_space height=\u00a0\u00bb60px\u00a0\u00bb][vc_custom_heading text=\u00a0\u00bbInformation entreprise\u00a0\u00bb font_container=\u00a0\u00bbtag:h2|text_align:left|color:%23474747&Prime; use_theme_fonts=\u00a0\u00bbyes\u00a0\u00bb][vc_empty_space height=\u00a0\u00bb15px\u00a0\u00bb][vc_column_text]Flat-jack est une entreprise jeune qui fait part du groupe Only Cabrios, actif avec 3 firmes: Only Cabrios en voitures youngtimers, flat-jack en coussins-pneus et air-jack avec en crics \u00e0 air.[\/vc_column_text][\/vc_column][\/vc_row][vc_row][vc_column width=\u00a0\u00bb2\/4&Prime;][vc_column_text] Coussins-pneus Flat-jack Les coussins-pneus flat-jack sont destin\u00e9 \u00e0 \u00e9quilibrer\/niveller les caravanes et mobilhomes\/campingcars sur les campings avec les pentes. Aussi les flat-jacks sont utilis\u00e9s au-dessous des voitures dans les stalles d\u2019hiver pour pr\u00e9venir les pneus aplatis quand la voiture reste sur une place pendant une longue termine. C\u2019est pour des voitures normales comme anc\u00eatres ou voitures de sport, des campingcars, etc. Nous sommes importateur officiel pour le Benelux et la France pour les flat-jacks. www.flat-jack.fr[\/vc_column_text][\/vc_column][vc_column width=\u00a0\u00bb1\/4&Prime;][vc_single_image image=\u00a0\u00bb3639&Prime; img_size=\u00a0\u00bbmedium\u00a0\u00bb][\/vc_column][vc_column width=\u00a0\u00bb1\/4&Prime;][vc_single_image image=\u00a0\u00bb200&Prime; img_size=\u00a0\u00bbmedium\u00a0\u00bb][\/vc_column][\/vc_row][vc_row][vc_column width=\u00a0\u00bb2\/4&Prime;][vc_column_text] Only cabrios Only Cabrios est sp\u00e9cialis\u00e9 en chercher, trouver, livrer et (si d\u00e9sir\u00e9) restaurer des cabriolets youngtimer pour ses clients en toute Europe. L\u2019objectif de Only Cabrios est: \u201cfaire un plaisir aux fanatiques youngtimer avec [...]","og_url":"https:\/\/www.flat-jack.nl\/fr\/information-entreprise-flat-jack\/","og_site_name":"Flat-Jack","article_publisher":"https:\/\/www.facebook.com\/Flat-jacknl-112121080460430\/","article_modified_time":"2023-08-08T21:34:16+00:00","twitter_card":"summary_large_image","twitter_site":"@onlycabriosNL","twitter_misc":{"Dur\u00e9e de lecture estim\u00e9e":"2 minutes"},"schema":{"@context":"https:\/\/schema.org","@graph":[{"@type":"WebPage","@id":"https:\/\/www.flat-jack.nl\/fr\/information-entreprise-flat-jack\/","url":"https:\/\/www.flat-jack.nl\/fr\/information-entreprise-flat-jack\/","name":"Information entreprise flat-jack - Flat-Jack","isPartOf":{"@id":"https:\/\/www.flat-jack.nl\/fr\/#website"},"datePublished":"2017-03-07T11:16:11+00:00","dateModified":"2023-08-08T21:34:16+00:00","breadcrumb":{"@id":"https:\/\/www.flat-jack.nl\/fr\/information-entreprise-flat-jack\/#breadcrumb"},"inLanguage":"fr-FR","potentialAction":[{"@type":"ReadAction","target":["https:\/\/www.flat-jack.nl\/fr\/information-entreprise-flat-jack\/"]}]},{"@type":"BreadcrumbList","@id":"https:\/\/www.flat-jack.nl\/fr\/information-entreprise-flat-jack\/#breadcrumb","itemListElement":[{"@type":"ListItem","position":1,"name":"Home","item":"https:\/\/www.flat-jack.nl\/fr\/"},{"@type":"ListItem","position":2,"name":"Information entreprise flat-jack"}]},{"@type":"WebSite","@id":"https:\/\/www.flat-jack.nl\/fr\/#website","url":"https:\/\/www.flat-jack.nl\/fr\/","name":"Flat-Jack","description":"De nieuwe leveler voor uw camper en caravan.","publisher":{"@id":"https:\/\/www.flat-jack.nl\/fr\/#organization"},"potentialAction":[{"@type":"SearchAction","target":{"@type":"EntryPoint","urlTemplate":"https:\/\/www.flat-jack.nl\/fr\/?s={search_term_string}"},"query-input":{"@type":"PropertyValueSpecification","valueRequired":true,"valueName":"search_term_string"}}],"inLanguage":"fr-FR"},{"@type":"Organization","@id":"https:\/\/www.flat-jack.nl\/fr\/#organization","name":"Flat-jack","url":"https:\/\/www.flat-jack.nl\/fr\/","logo":{"@type":"ImageObject","inLanguage":"fr-FR","@id":"https:\/\/www.flat-jack.nl\/fr\/#\/schema\/logo\/image\/","url":"https:\/\/www.flat-jack.nl\/wp-content\/uploads\/2018\/02\/logo_200_factuur.png","contentUrl":"https:\/\/www.flat-jack.nl\/wp-content\/uploads\/2018\/02\/logo_200_factuur.png","width":283,"height":64,"caption":"Flat-jack"},"image":{"@id":"https:\/\/www.flat-jack.nl\/fr\/#\/schema\/logo\/image\/"},"sameAs":["https:\/\/www.facebook.com\/Flat-jacknl-112121080460430\/","https:\/\/x.com\/onlycabriosNL","https:\/\/www.instagram.com\/flatjack.nl\/","https:\/\/www.linkedin.com\/company\/flat-jack-nl\/","https:\/\/www.youtube.com\/channel\/UCNksZIM688F6jRqH7HqJY3Q"]}]}},"_links":{"self":[{"href":"https:\/\/www.flat-jack.nl\/fr\/wp-json\/wp\/v2\/pages\/808","targetHints":{"allow":["GET"]}}],"collection":[{"href":"https:\/\/www.flat-jack.nl\/fr\/wp-json\/wp\/v2\/pages"}],"about":[{"href":"https:\/\/www.flat-jack.nl\/fr\/wp-json\/wp\/v2\/types\/page"}],"author":[{"embeddable":true,"href":"https:\/\/www.flat-jack.nl\/fr\/wp-json\/wp\/v2\/users\/1"}],"replies":[{"embeddable":true,"href":"https:\/\/www.flat-jack.nl\/fr\/wp-json\/wp\/v2\/comments?post=808"}],"version-history":[{"count":3,"href":"https:\/\/www.flat-jack.nl\/fr\/wp-json\/wp\/v2\/pages\/808\/revisions"}],"predecessor-version":[{"id":3741,"href":"https:\/\/www.flat-jack.nl\/fr\/wp-json\/wp\/v2\/pages\/808\/revisions\/3741"}],"wp:attachment":[{"href":"https:\/\/www.flat-jack.nl\/fr\/wp-json\/wp\/v2\/media?parent=808"}],"curies":[{"name":"wp","href":"https:\/\/api.w.org\/{rel}","templated":true}]}}