{"id":669,"date":"2017-01-24T16:54:55","date_gmt":"2017-01-24T15:54:55","guid":{"rendered":"https:\/\/staging.bandenkussen.nl\/contact\/"},"modified":"2023-07-08T13:29:27","modified_gmt":"2023-07-08T11:29:27","slug":"contact","status":"publish","type":"page","link":"https:\/\/www.flat-jack.nl\/fr\/contact\/","title":{"rendered":"Contact"},"content":{"rendered":"<div class=\"wpb-content-wrapper\"><p>[vc_row][vc_column][vc_empty_space height=\u00a0\u00bb50px\u00a0\u00bb][vc_column_text]Le formulaire de contact est l\u00e0 pour les questions g\u00e9n\u00e9rales ou remarques.[\/vc_column_text]\n<div class=\"wpcf7 no-js\" id=\"wpcf7-f2531-o1\" lang=\"en-US\" dir=\"ltr\" data-wpcf7-id=\"2531\">\n<div class=\"screen-reader-response\"><p role=\"status\" aria-live=\"polite\" aria-atomic=\"true\"><\/p> <ul><\/ul><\/div>\n<form action=\"\/fr\/wp-json\/wp\/v2\/pages\/669#wpcf7-f2531-o1\" method=\"post\" class=\"wpcf7-form init\" aria-label=\"Contact form\" novalidate=\"novalidate\" data-status=\"init\">\n<fieldset class=\"hidden-fields-container\"><input type=\"hidden\" name=\"_wpcf7\" value=\"2531\" \/><input type=\"hidden\" name=\"_wpcf7_version\" value=\"6.1.5\" \/><input type=\"hidden\" name=\"_wpcf7_locale\" value=\"en_US\" \/><input type=\"hidden\" name=\"_wpcf7_unit_tag\" value=\"wpcf7-f2531-o1\" \/><input type=\"hidden\" name=\"_wpcf7_container_post\" value=\"0\" \/><input type=\"hidden\" name=\"_wpcf7_posted_data_hash\" value=\"\" \/>\n<\/fieldset>\n<p><label> Nome:<br \/>\n<span class=\"wpcf7-form-control-wrap\" data-name=\"your-name\"><input size=\"40\" maxlength=\"400\" class=\"wpcf7-form-control wpcf7-text wpcf7-validates-as-required\" aria-required=\"true\" aria-invalid=\"false\" value=\"\" type=\"text\" name=\"your-name\" \/><\/span> <\/label>\n<\/p>\n<p><label> E-mail:<br \/>\n<span class=\"wpcf7-form-control-wrap\" data-name=\"your-email\"><input size=\"40\" maxlength=\"400\" class=\"wpcf7-form-control wpcf7-email wpcf7-validates-as-required wpcf7-text wpcf7-validates-as-email\" aria-required=\"true\" aria-invalid=\"false\" value=\"\" type=\"email\" name=\"your-email\" \/><\/span> <\/label>\n<\/p>\n<p><label> Sujet:<br \/>\n<span class=\"wpcf7-form-control-wrap\" data-name=\"your-subject\"><input size=\"40\" maxlength=\"400\" class=\"wpcf7-form-control wpcf7-text wpcf7-validates-as-required\" aria-required=\"true\" aria-invalid=\"false\" value=\"\" type=\"text\" name=\"your-subject\" \/><\/span> <\/label>\n<\/p>\n<p><label> Message:<br \/>\n<span class=\"wpcf7-form-control-wrap\" data-name=\"your-message\"><textarea cols=\"40\" rows=\"10\" maxlength=\"2000\" class=\"wpcf7-form-control wpcf7-textarea\" aria-invalid=\"false\" name=\"your-message\"><\/textarea><\/span> <\/label><br \/>\n<div class=\"wpcf7-turnstile cf-turnstile\" data-sitekey=\"0x4AAAAAABpvF7qU7DJfobUv\" data-response-field-name=\"_wpcf7_turnstile_response\"><\/div><br \/>\n<input class=\"wpcf7-form-control wpcf7-submit has-spinner\" type=\"submit\" value=\"Send message\" \/>\n<\/p><div class=\"wpcf7-response-output\" aria-hidden=\"true\"><\/div>\n<\/form>\n<\/div>\n[\/vc_column][\/vc_row]<\/p>\n<\/div>","protected":false},"excerpt":{"rendered":"<p>[vc_row][vc_column][vc_empty_space height=\u00a0\u00bb50px\u00a0\u00bb][vc_column_text]Le formulaire de contact est l\u00e0 pour les questions g\u00e9n\u00e9rales ou remarques.[\/vc_column_text][\/vc_column][\/vc_row]<\/p>\n","protected":false},"author":1,"featured_media":0,"parent":0,"menu_order":0,"comment_status":"closed","ping_status":"closed","template":"","meta":{"footnotes":""},"class_list":["post-669","page","type-page","status-publish","hentry"],"yoast_head":"<!-- This site is optimized with the Yoast SEO plugin v27.4 - https:\/\/yoast.com\/product\/yoast-seo-wordpress\/ -->\n<title>Contact - Flat-Jack<\/title>\n<meta name=\"robots\" content=\"index, follow, max-snippet:-1, max-image-preview:large, max-video-preview:-1\" \/>\n<link rel=\"canonical\" href=\"https:\/\/www.flat-jack.nl\/fr\/contact\/\" \/>\n<meta property=\"og:locale\" content=\"fr_FR\" \/>\n<meta property=\"og:type\" content=\"article\" \/>\n<meta property=\"og:title\" content=\"Contact - Flat-Jack\" \/>\n<meta property=\"og:description\" content=\"[vc_row][vc_column][vc_empty_space height=\u00a0\u00bb50px\u00a0\u00bb][vc_column_text]Le formulaire de contact est l\u00e0 pour les questions g\u00e9n\u00e9rales ou remarques.[\/vc_column_text][\/vc_column][\/vc_row]\" \/>\n<meta property=\"og:url\" content=\"https:\/\/www.flat-jack.nl\/fr\/contact\/\" \/>\n<meta property=\"og:site_name\" content=\"Flat-Jack\" \/>\n<meta property=\"article:publisher\" content=\"https:\/\/www.facebook.com\/Flat-jacknl-112121080460430\/\" \/>\n<meta property=\"article:modified_time\" content=\"2023-07-08T11:29:27+00:00\" \/>\n<meta name=\"twitter:card\" content=\"summary_large_image\" \/>\n<meta name=\"twitter:site\" content=\"@onlycabriosNL\" \/>\n<meta name=\"twitter:label1\" content=\"Dur\u00e9e de lecture estim\u00e9e\" \/>\n\t<meta name=\"twitter:data1\" content=\"1 minute\" \/>\n<script type=\"application\/ld+json\" class=\"yoast-schema-graph\">{\"@context\":\"https:\\\/\\\/schema.org\",\"@graph\":[{\"@type\":[\"WebPage\",\"ContactPage\"],\"@id\":\"https:\\\/\\\/www.flat-jack.nl\\\/fr\\\/contact\\\/\",\"url\":\"https:\\\/\\\/www.flat-jack.nl\\\/fr\\\/contact\\\/\",\"name\":\"Contact - Flat-Jack\",\"isPartOf\":{\"@id\":\"https:\\\/\\\/www.flat-jack.nl\\\/fr\\\/#website\"},\"datePublished\":\"2017-01-24T15:54:55+00:00\",\"dateModified\":\"2023-07-08T11:29:27+00:00\",\"breadcrumb\":{\"@id\":\"https:\\\/\\\/www.flat-jack.nl\\\/fr\\\/contact\\\/#breadcrumb\"},\"inLanguage\":\"fr-FR\",\"potentialAction\":[{\"@type\":\"ReadAction\",\"target\":[\"https:\\\/\\\/www.flat-jack.nl\\\/fr\\\/contact\\\/\"]}]},{\"@type\":\"BreadcrumbList\",\"@id\":\"https:\\\/\\\/www.flat-jack.nl\\\/fr\\\/contact\\\/#breadcrumb\",\"itemListElement\":[{\"@type\":\"ListItem\",\"position\":1,\"name\":\"Home\",\"item\":\"https:\\\/\\\/www.flat-jack.nl\\\/fr\\\/\"},{\"@type\":\"ListItem\",\"position\":2,\"name\":\"Contact\"}]},{\"@type\":\"WebSite\",\"@id\":\"https:\\\/\\\/www.flat-jack.nl\\\/fr\\\/#website\",\"url\":\"https:\\\/\\\/www.flat-jack.nl\\\/fr\\\/\",\"name\":\"Flat-Jack\",\"description\":\"De nieuwe leveler voor uw camper en caravan.\",\"publisher\":{\"@id\":\"https:\\\/\\\/www.flat-jack.nl\\\/fr\\\/#organization\"},\"potentialAction\":[{\"@type\":\"SearchAction\",\"target\":{\"@type\":\"EntryPoint\",\"urlTemplate\":\"https:\\\/\\\/www.flat-jack.nl\\\/fr\\\/?s={search_term_string}\"},\"query-input\":{\"@type\":\"PropertyValueSpecification\",\"valueRequired\":true,\"valueName\":\"search_term_string\"}}],\"inLanguage\":\"fr-FR\"},{\"@type\":\"Organization\",\"@id\":\"https:\\\/\\\/www.flat-jack.nl\\\/fr\\\/#organization\",\"name\":\"Flat-jack\",\"url\":\"https:\\\/\\\/www.flat-jack.nl\\\/fr\\\/\",\"logo\":{\"@type\":\"ImageObject\",\"inLanguage\":\"fr-FR\",\"@id\":\"https:\\\/\\\/www.flat-jack.nl\\\/fr\\\/#\\\/schema\\\/logo\\\/image\\\/\",\"url\":\"https:\\\/\\\/www.flat-jack.nl\\\/wp-content\\\/uploads\\\/2018\\\/02\\\/logo_200_factuur.png\",\"contentUrl\":\"https:\\\/\\\/www.flat-jack.nl\\\/wp-content\\\/uploads\\\/2018\\\/02\\\/logo_200_factuur.png\",\"width\":283,\"height\":64,\"caption\":\"Flat-jack\"},\"image\":{\"@id\":\"https:\\\/\\\/www.flat-jack.nl\\\/fr\\\/#\\\/schema\\\/logo\\\/image\\\/\"},\"sameAs\":[\"https:\\\/\\\/www.facebook.com\\\/Flat-jacknl-112121080460430\\\/\",\"https:\\\/\\\/x.com\\\/onlycabriosNL\",\"https:\\\/\\\/www.instagram.com\\\/flatjack.nl\\\/\",\"https:\\\/\\\/www.linkedin.com\\\/company\\\/flat-jack-nl\\\/\",\"https:\\\/\\\/www.youtube.com\\\/channel\\\/UCNksZIM688F6jRqH7HqJY3Q\"]}]}<\/script>\n<!-- \/ Yoast SEO plugin. -->","yoast_head_json":{"title":"Contact - Flat-Jack","robots":{"index":"index","follow":"follow","max-snippet":"max-snippet:-1","max-image-preview":"max-image-preview:large","max-video-preview":"max-video-preview:-1"},"canonical":"https:\/\/www.flat-jack.nl\/fr\/contact\/","og_locale":"fr_FR","og_type":"article","og_title":"Contact - Flat-Jack","og_description":"[vc_row][vc_column][vc_empty_space height=\u00a0\u00bb50px\u00a0\u00bb][vc_column_text]Le formulaire de contact est l\u00e0 pour les questions g\u00e9n\u00e9rales ou remarques.[\/vc_column_text][\/vc_column][\/vc_row]","og_url":"https:\/\/www.flat-jack.nl\/fr\/contact\/","og_site_name":"Flat-Jack","article_publisher":"https:\/\/www.facebook.com\/Flat-jacknl-112121080460430\/","article_modified_time":"2023-07-08T11:29:27+00:00","twitter_card":"summary_large_image","twitter_site":"@onlycabriosNL","twitter_misc":{"Dur\u00e9e de lecture estim\u00e9e":"1 minute"},"schema":{"@context":"https:\/\/schema.org","@graph":[{"@type":["WebPage","ContactPage"],"@id":"https:\/\/www.flat-jack.nl\/fr\/contact\/","url":"https:\/\/www.flat-jack.nl\/fr\/contact\/","name":"Contact - Flat-Jack","isPartOf":{"@id":"https:\/\/www.flat-jack.nl\/fr\/#website"},"datePublished":"2017-01-24T15:54:55+00:00","dateModified":"2023-07-08T11:29:27+00:00","breadcrumb":{"@id":"https:\/\/www.flat-jack.nl\/fr\/contact\/#breadcrumb"},"inLanguage":"fr-FR","potentialAction":[{"@type":"ReadAction","target":["https:\/\/www.flat-jack.nl\/fr\/contact\/"]}]},{"@type":"BreadcrumbList","@id":"https:\/\/www.flat-jack.nl\/fr\/contact\/#breadcrumb","itemListElement":[{"@type":"ListItem","position":1,"name":"Home","item":"https:\/\/www.flat-jack.nl\/fr\/"},{"@type":"ListItem","position":2,"name":"Contact"}]},{"@type":"WebSite","@id":"https:\/\/www.flat-jack.nl\/fr\/#website","url":"https:\/\/www.flat-jack.nl\/fr\/","name":"Flat-Jack","description":"De nieuwe leveler voor uw camper en caravan.","publisher":{"@id":"https:\/\/www.flat-jack.nl\/fr\/#organization"},"potentialAction":[{"@type":"SearchAction","target":{"@type":"EntryPoint","urlTemplate":"https:\/\/www.flat-jack.nl\/fr\/?s={search_term_string}"},"query-input":{"@type":"PropertyValueSpecification","valueRequired":true,"valueName":"search_term_string"}}],"inLanguage":"fr-FR"},{"@type":"Organization","@id":"https:\/\/www.flat-jack.nl\/fr\/#organization","name":"Flat-jack","url":"https:\/\/www.flat-jack.nl\/fr\/","logo":{"@type":"ImageObject","inLanguage":"fr-FR","@id":"https:\/\/www.flat-jack.nl\/fr\/#\/schema\/logo\/image\/","url":"https:\/\/www.flat-jack.nl\/wp-content\/uploads\/2018\/02\/logo_200_factuur.png","contentUrl":"https:\/\/www.flat-jack.nl\/wp-content\/uploads\/2018\/02\/logo_200_factuur.png","width":283,"height":64,"caption":"Flat-jack"},"image":{"@id":"https:\/\/www.flat-jack.nl\/fr\/#\/schema\/logo\/image\/"},"sameAs":["https:\/\/www.facebook.com\/Flat-jacknl-112121080460430\/","https:\/\/x.com\/onlycabriosNL","https:\/\/www.instagram.com\/flatjack.nl\/","https:\/\/www.linkedin.com\/company\/flat-jack-nl\/","https:\/\/www.youtube.com\/channel\/UCNksZIM688F6jRqH7HqJY3Q"]}]}},"_links":{"self":[{"href":"https:\/\/www.flat-jack.nl\/fr\/wp-json\/wp\/v2\/pages\/669","targetHints":{"allow":["GET"]}}],"collection":[{"href":"https:\/\/www.flat-jack.nl\/fr\/wp-json\/wp\/v2\/pages"}],"about":[{"href":"https:\/\/www.flat-jack.nl\/fr\/wp-json\/wp\/v2\/types\/page"}],"author":[{"embeddable":true,"href":"https:\/\/www.flat-jack.nl\/fr\/wp-json\/wp\/v2\/users\/1"}],"replies":[{"embeddable":true,"href":"https:\/\/www.flat-jack.nl\/fr\/wp-json\/wp\/v2\/comments?post=669"}],"version-history":[{"count":1,"href":"https:\/\/www.flat-jack.nl\/fr\/wp-json\/wp\/v2\/pages\/669\/revisions"}],"predecessor-version":[{"id":2532,"href":"https:\/\/www.flat-jack.nl\/fr\/wp-json\/wp\/v2\/pages\/669\/revisions\/2532"}],"wp:attachment":[{"href":"https:\/\/www.flat-jack.nl\/fr\/wp-json\/wp\/v2\/media?parent=669"}],"curies":[{"name":"wp","href":"https:\/\/api.w.org\/{rel}","templated":true}]}}